{"id":1625,"date":"2024-04-03T06:41:34","date_gmt":"2024-04-03T06:41:34","guid":{"rendered":"https:\/\/isyst.burnermarketing.com\/?page_id=1625"},"modified":"2024-04-03T06:47:43","modified_gmt":"2024-04-03T06:47:43","slug":"agb","status":"publish","type":"page","link":"https:\/\/isyst.burnermarketing.com\/en\/agb\/","title":{"rendered":"Conditions"},"content":{"rendered":"<h2>General terms and conditions of business and payment<\/h2>\n<p>TESTING IS OUR PASSION<\/p>\n<p><a href=\"http:\/\/isyst.burnermarketing.com\/wp-content\/uploads\/2024\/04\/AGBs_Deutsch_und_Englisch_0620.pdf\" target=\"_blank\" rel=\"noopener\"><\/p>\n<h4 style=\"text-align: left;\">General terms and conditions of business and payment<\/h4>\n<p><\/a><a href=\"http:\/\/isyst.burnermarketing.com\/wp-content\/uploads\/2024\/04\/Lizenzvereinbarung-Softwareueberlassung-Deutsch_und_Englisch_0620__unbefristet_.pdf\" target=\"_blank\" rel=\"noopener\"><\/p>\n<h4 style=\"text-align: left;\">License Agreement-Software Transfer<\/h4>\n<p><\/a><\/p>","protected":false},"excerpt":{"rendered":"<p>Allgemeine Gesch\u00e4fts- und Zahlungsbedingungen TESTHAUS AUS \u00dcBERZEUGUNG Allgemeine Gesch\u00e4fts- und Zahlungsbedingungen Lizenzvereinbarung-Software\u00fcberlassung<\/p>","protected":false},"author":1,"featured_media":0,"parent":0,"menu_order":0,"comment_status":"closed","ping_status":"closed","template":"","meta":{"footnotes":""},"class_list":["post-1625","page","type-page","status-publish","hentry","post-wrapper","thrv_wrapper"],"_links":{"self":[{"href":"https:\/\/isyst.burnermarketing.com\/en\/wp-json\/wp\/v2\/pages\/1625"}],"collection":[{"href":"https:\/\/isyst.burnermarketing.com\/en\/wp-json\/wp\/v2\/pages"}],"about":[{"href":"https:\/\/isyst.burnermarketing.com\/en\/wp-json\/wp\/v2\/types\/page"}],"author":[{"embeddable":true,"href":"https:\/\/isyst.burnermarketing.com\/en\/wp-json\/wp\/v2\/users\/1"}],"replies":[{"embeddable":true,"href":"https:\/\/isyst.burnermarketing.com\/en\/wp-json\/wp\/v2\/comments?post=1625"}],"version-history":[{"count":4,"href":"https:\/\/isyst.burnermarketing.com\/en\/wp-json\/wp\/v2\/pages\/1625\/revisions"}],"predecessor-version":[{"id":1632,"href":"https:\/\/isyst.burnermarketing.com\/en\/wp-json\/wp\/v2\/pages\/1625\/revisions\/1632"}],"wp:attachment":[{"href":"https:\/\/isyst.burnermarketing.com\/en\/wp-json\/wp\/v2\/media?parent=1625"}],"curies":[{"name":"wp","href":"https:\/\/api.w.org\/{rel}","templated":true}]}}