{"id":202,"date":"2023-09-11T09:57:28","date_gmt":"2023-09-11T09:57:28","guid":{"rendered":"https:\/\/isyst.burnermarketing.com\/?page_id=202"},"modified":"2024-08-14T13:50:40","modified_gmt":"2024-08-14T13:50:40","slug":"kompetenzen","status":"publish","type":"page","link":"https:\/\/isyst.burnermarketing.com\/en\/kompetenzen\/","title":{"rendered":"Competencies"},"content":{"rendered":"<h2 style=\"\">Competencies<\/h2>\n<p>TESTING IS OUR PASSION<\/p>\n<h2 style=\"text-align: center;\">Services<\/h2>\n<p style=\"text-align: center;\">We support our customers in the development process and thus ensure the function and quality of their embedded systems. We can take on all the necessary testing activities so that our customers can concentrate on the product development itself.<\/p>\n<p><a href=\"http:\/\/isyst.burnermarketing.com\/wp-content\/uploads\/2024\/02\/Planung-Managment.pdf\" target=\"_blank\" rel=\"noopener\"><\/p>\n<h3 style=\"text-align: center;\">Planning &amp;<\/h3>\n<h3 style=\"text-align: center;\">Management<\/h3>\n<p style=\"text-align: center; padding-bottom: 0px !important; margin-bottom: 0px !important;\">\n<p style=\"text-align: center; padding-bottom: 0px !important; margin-bottom: 0px !important;\">Sit back, we have your test project under control<\/p>\n<p style=\"text-align: center; padding-bottom: 0px !important; margin-bottom: 0px !important;\">\n<p><\/a><a href=\"http:\/\/isyst.burnermarketing.com\/wp-content\/uploads\/2024\/02\/Analyse.pdf\" target=\"_blank\" rel=\"noopener\"><\/p>\n<h3 style=\"text-align: center;\">Analysis<\/h3>\n<p style=\"text-align: center;\">Whether it is the test basis, requirements, test results or defect patterns, we take a close look at everything<\/p>\n<p><\/a><a href=\"http:\/\/isyst.burnermarketing.com\/wp-content\/uploads\/2024\/02\/Design-Spezifikation.pdf\" target=\"_blank\" rel=\"noopener\"><\/p>\n<h3 style=\"text-align: center;\">Design &amp;<\/h3>\n<h3 style=\"text-align: center;\">Specification<\/h3>\n<p style=\"text-align: center;\">We design your test architecture and develop the test idea in harmony with each other<\/p>\n<p><\/a><a href=\"http:\/\/isyst.burnermarketing.com\/wp-content\/uploads\/2024\/02\/Modellierung-Simulation.pdf\" target=\"_blank\" rel=\"noopener\"><\/p>\n<h3 style=\"text-align: center;\">Modelling &amp; Simulation<\/h3>\n<p style=\"text-align: center;\">From the model of the environment to the integration and validation, we will take care of it for you<\/p>\n<p><\/a><a href=\"http:\/\/isyst.burnermarketing.com\/wp-content\/uploads\/2024\/02\/Automatisierung.pdf\" target=\"_blank\" rel=\"noopener\"><\/p>\n<h3 style=\"text-align: center;\">Automation<\/h3>\n<p style=\"text-align: center;\">We automate your test sequences so that you can test reproducibly at any time<\/p>\n<p><\/a><a href=\"http:\/\/isyst.burnermarketing.com\/wp-content\/uploads\/2024\/02\/Durchfuehrung-Dokumentation.pdf\" target=\"_blank\" rel=\"noopener\"><\/p>\n<h3 style=\"text-align: center;\">Implementation &amp; Documentation<\/h3>\n<p style=\"text-align: center;\">\n<p style=\"text-align: center;\">We keep you up to date with test reports in customized format<\/p>\n<p style=\"text-align: center;\">\n<p><\/a><\/p>\n<h2 style=\"text-align: center;\">Products<\/h2>\n<p style=\"text-align: center;\">Innovation is what drives us, also in the development of test products. The general market demand from various industries for reliable systems in software and hardware testing and the specific requirements and wishes of our customers spur us on continuously to target-oriented (further) development.<\/p>\n<h2 style=\"text-align: center;\">Academy<\/h2>\n<p style=\"text-align: left;\">Vorhandene Kompetenzen und erworbene Qualifikationen in der Praxis gezielt einzusetzen ist eine Herausforderung, die wir durch die Vermittlung praktisch anwendbaren Wissens in bed\u00fcrfnisgerechten Weiterbildungsformaten meistern.Damit erg\u00e4nzen wir die Grundlage einer soliden theoretischen Ausbildung um die F\u00e4higkeit diese auch in der Praxis nutzen zu k\u00f6nnen und schlie\u00dfen so die L\u00fccke zwischen Theorie und Praxis.<\/p>\n<p><span style=\"\"><img decoding=\"async\" alt=\"\" data-id=\"1752\" width=\"342\" data-init-width=\"2560\" height=\"205\" data-init-height=\"1532\" title=\"image1\" loading=\"lazy\" src=\"\/\/isyst.burnermarketing.com\/wp-content\/uploads\/2024\/04\/image1-scaled.jpg\" data-width=\"342\" data-height=\"205\" style=\"aspect-ratio: auto 2560 \/ 1532;\" ml-d=\"-47\" mt-d=\"0\" center-h-d=\"false\"><\/span><\/p>\n<h2 style=\"text-align: center;\">Catalog<\/h2>\n<p><span><a href=\"https:\/\/indd.adobe.com\/view\/b39d7a1c-bc43-406a-882a-082850b45bc9\" target=\"_blank\" rel=\"noopener\"><img decoding=\"async\" alt=\"Katalog iSyst GmbH\" data-id=\"214\" width=\"195\" data-init-width=\"435\" height=\"276\" data-init-height=\"617\" title=\"Catalog iSyst GmbH\" loading=\"lazy\" src=\"\/\/isyst.burnermarketing.com\/wp-content\/uploads\/2023\/09\/fdfgdfa-1.png\" data-width=\"195\" data-height=\"276\" style=\"aspect-ratio: auto 435 \/ 617;\" data-link-wrap=\"true\"><\/a><\/span><\/p>\n<p style=\"text-align: left;\">Our catalog provides a comprehensive overview of our products and services.<\/p>\n<h3 style=\"text-align: center;\">Your contact persons<\/h3>\n<h3 style=\"text-align: left;\">Products<\/h3>\n<p><strong><strong>Michael Frommberger<\/strong><\/strong><\/p>\n<p>Phone: <a href=\"tel:+4991137665114\" rel=\"nofollow noopener\" style=\"outline: none;\" target=\"_blank\">+49 911 \/ 37665-114<\/a><\/p>\n<p>E-mail: <a href=\"mailto:michael.frommberger@isyst.de\" rel=\"nofollow noopener\" style=\"outline: none;\" target=\"_blank\">michael.frommberger@isyst.de<\/a><\/p>\n<h3 style=\"text-align: right;\">Services<\/h3>\n<p style=\"text-align: right;\"><strong>Sebastian Dengler<\/strong>Phone: <a href=\"tel:+4991137665331\" rel=\"nofollow noopener\" style=\"outline: none;\" target=\"_blank\">+49 911 \/ 37665-331<\/a>E-mail: <a href=\"mailto:sebastian.dengler@isyst.de\" rel=\"nofollow noopener\" style=\"outline: none;\" target=\"_blank\">sebastian.dengler@isyst.de<\/a><\/p>\n<p><strong>Paul Tybura<\/strong><\/p>\n<p>Phone: <a href=\"tel:+4991137665221\" rel=\"nofollow noopener\" style=\"outline: none;\" target=\"_blank\">+49 911 \/ 37665-221<\/a><\/p>\n<p>E-mail: <a href=\"mailto:Paul.Tybura@Isyst.de\" rel=\"nofollow noopener\" style=\"outline: none;\" target=\"_blank\">paul.tybura@isyst.de<\/a><\/p>","protected":false},"excerpt":{"rendered":"<p>Kompetenzen TESTHAUS AUS \u00dcBERZEUGUNG Dienstleistungen Wir begleiten unsere Kunden im Entwicklungsprozess und sichern damit die Funktion und Qualit\u00e4t ihrer Embedded Systems ab. Dabei k\u00f6nnen wir alle anfallenden Testt\u00e4tigkeiten \u00fcbernehmen, so dass sich unsere Kunden auf die Produktentwicklung an sich konzentrieren k\u00f6nnen. Planung &amp; Management Lehnen Sie sich zur\u00fcck, wir haben Ihr Testprojekt im Griff Analyse [&hellip;]<\/p>\n","protected":false},"author":3,"featured_media":0,"parent":0,"menu_order":0,"comment_status":"closed","ping_status":"closed","template":"","meta":{"footnotes":""},"class_list":["post-202","page","type-page","status-publish","hentry","post-wrapper","thrv_wrapper"],"_links":{"self":[{"href":"https:\/\/isyst.burnermarketing.com\/en\/wp-json\/wp\/v2\/pages\/202"}],"collection":[{"href":"https:\/\/isyst.burnermarketing.com\/en\/wp-json\/wp\/v2\/pages"}],"about":[{"href":"https:\/\/isyst.burnermarketing.com\/en\/wp-json\/wp\/v2\/types\/page"}],"author":[{"embeddable":true,"href":"https:\/\/isyst.burnermarketing.com\/en\/wp-json\/wp\/v2\/users\/3"}],"replies":[{"embeddable":true,"href":"https:\/\/isyst.burnermarketing.com\/en\/wp-json\/wp\/v2\/comments?post=202"}],"version-history":[{"count":89,"href":"https:\/\/isyst.burnermarketing.com\/en\/wp-json\/wp\/v2\/pages\/202\/revisions"}],"predecessor-version":[{"id":1929,"href":"https:\/\/isyst.burnermarketing.com\/en\/wp-json\/wp\/v2\/pages\/202\/revisions\/1929"}],"wp:attachment":[{"href":"https:\/\/isyst.burnermarketing.com\/en\/wp-json\/wp\/v2\/media?parent=202"}],"curies":[{"name":"wp","href":"https:\/\/api.w.org\/{rel}","templated":true}]}}