{"id":860,"date":"2023-10-08T16:46:53","date_gmt":"2023-10-08T08:46:53","guid":{"rendered":"https:\/\/fu-chin.art\/?page_id=860"},"modified":"2024-07-15T10:29:44","modified_gmt":"2024-07-15T10:29:44","slug":"meilensteine","status":"publish","type":"page","link":"https:\/\/isyst.burnermarketing.com\/en\/meilensteine\/","title":{"rendered":"Milestones"},"content":{"rendered":"<h2 style=\"\">Milestones<\/h2>\n<p>TESTING IS OUR PASSION<\/p>\n<h4 style=\"text-align: justify;\">2000<\/h4>\n<p style=\"text-align: justify;\">Gr\u00fcndung am 08.12.2000: Ausgr\u00fcndung aus dem durch Prof. Dr. Hans Rauch geleiteten Institut f\u00fcr Elektronische Systeme der damaligen Georg-Simon-Ohm Fachhochschule N\u00fcrnberg, kurz ELSYS, im Rahmen des Verbundforschungsprojekts &#8222;Bayerisches Kompetenznetzwerk f\u00fcr Mechatronik BKM&#8220;.<\/p>\n<h4 style=\"text-align: justify;\">2001<\/h4>\n<p style=\"text-align: justify;\">Start of development work for the test framework iTestStudio<\/p>\n<p><span><img decoding=\"async\" alt=\"\" data-id=\"1648\" width=\"117\" data-init-width=\"560\" height=\"169\" data-init-height=\"811\" title=\"2001-iTestStudio-Start\" loading=\"lazy\" src=\"\/\/isyst.burnermarketing.com\/wp-content\/uploads\/2024\/04\/2001-iTestStudio-Start.png\" data-width=\"117\" data-height=\"169\" style=\"aspect-ratio: auto 560 \/ 811;\"><\/span><\/p>\n<h4 style=\"text-align: justify;\">2002<\/h4>\n<p style=\"text-align: justify;\">Getting started with test automation<\/p>\n<p><span><img decoding=\"async\" alt=\"\" data-id=\"1649\" width=\"300\" data-init-width=\"1151\" height=\"145\" data-init-height=\"558\" title=\"2002-Test Automation\" loading=\"lazy\" src=\"\/\/isyst.burnermarketing.com\/wp-content\/uploads\/2024\/04\/2002-Testautomatisierung.png\" data-width=\"300\" data-height=\"145\" style=\"aspect-ratio: auto 1151 \/ 558;\"><\/span><\/p>\n<h4 style=\"text-align: justify;\">2003<\/h4>\n<p style=\"text-align: justify;\">Delivery of iSyst\u2019s first own HIL test system (roll stabilization of sports cars)<\/p>\n<p><span><img decoding=\"async\" alt=\"\" data-id=\"1650\" width=\"300\" data-init-width=\"1382\" height=\"143\" data-init-height=\"661\" title=\"2003-Roll stabilization HIL system\" loading=\"lazy\" src=\"\/\/isyst.burnermarketing.com\/wp-content\/uploads\/2024\/04\/2003-Wankstabiliesierungs-HIL-System.jpg\" data-width=\"300\" data-height=\"143\" style=\"aspect-ratio: auto 1382 \/ 661;\"><\/span><\/p>\n<h4 style=\"text-align: justify;\">2004<\/h4>\n<p style=\"text-align: justify;\">Introduction to hardware qualification<\/p>\n<p><span><img decoding=\"async\" alt=\"\" data-id=\"1651\" width=\"300\" data-init-width=\"1335\" height=\"157\" data-init-height=\"698\" title=\"2004 hardware qualification\" loading=\"lazy\" src=\"\/\/isyst.burnermarketing.com\/wp-content\/uploads\/2024\/04\/2004-Hardwarequalifikation.jpg\" data-width=\"300\" data-height=\"157\" style=\"aspect-ratio: auto 1335 \/ 698;\"><\/span><\/p>\n<h4 style=\"text-align: justify;\">2005<\/h4>\n<p style=\"text-align: justify;\">Own premises at the customer\u2019s premises<\/p>\n<p><span><img decoding=\"async\" alt=\"\" data-id=\"1652\" width=\"314\" data-init-width=\"2560\" height=\"235\" data-init-height=\"1920\" title=\"OLYMPUS DIGITAL CAMERA\" loading=\"lazy\" src=\"\/\/isyst.burnermarketing.com\/wp-content\/uploads\/2024\/04\/2005-Arbeitzzimmer-Kunde.jpg\" data-width=\"314\" data-height=\"235\" style=\"aspect-ratio: auto 2560 \/ 1920;\"><\/span><\/p>\n<h4 style=\"text-align: justify;\">2007<\/h4>\n<p style=\"text-align: justify;\">Moving to the research factory in Nordostpark Nuremberg<\/p>\n<p><span><img decoding=\"async\" alt=\"\" data-id=\"1653\" width=\"314\" data-init-width=\"2560\" height=\"235\" data-init-height=\"1920\" title=\"2007-Research Factory\" loading=\"lazy\" src=\"\/\/isyst.burnermarketing.com\/wp-content\/uploads\/2024\/04\/2007-Forschungsfabrik-scaled.jpg\" data-width=\"314\" data-height=\"235\" style=\"aspect-ratio: auto 2560 \/ 1920;\"><\/span><\/p>\n<h4 style=\"text-align: justify;\">2007<\/h4>\n<p style=\"text-align: justify;\">Einreichung des ersten iSyst-eigenen F\u00f6rderantrags: Ein Ergebnis dieses F\u00f6rderprojekts &#8222;Testhaus&#8220; war die Aufnahme ins Partnerprogramm von The Mathworks.<\/p>\n<p><span><img decoding=\"async\" alt=\"\" data-id=\"1655\" width=\"300\" data-init-width=\"1075\" height=\"217\" data-init-height=\"777\" title=\"2007-Test House\" loading=\"lazy\" src=\"\/\/isyst.burnermarketing.com\/wp-content\/uploads\/2024\/04\/2007-Testhaus.jpg\" data-width=\"300\" data-height=\"217\" style=\"aspect-ratio: auto 1075 \/ 777;\"><\/span><\/p>\n<h4 style=\"text-align: justify;\">2008<\/h4>\n<p style=\"text-align: justify;\">Bewilligung der Verbundf\u00f6rderprojekte &#8222;RedunSys&#8220;- Design und Test von redundanter Elektronik f\u00fcr strahlungsbelastete Einsatzgebiete und &#8222;ParaObsol&#8220;- Funktionserhalt und Einhaltung von Liefer\u00adverpflichtungen bei abge\u00adk\u00fcndigten Bauelementen (Obsoleszenz)<\/p>\n<p><span><img decoding=\"async\" alt=\"\" data-id=\"1656\" width=\"300\" data-init-width=\"1436\" height=\"226\" data-init-height=\"1080\" title=\"2008-ParaObsol\" loading=\"lazy\" src=\"\/\/isyst.burnermarketing.com\/wp-content\/uploads\/2024\/04\/2008-ParaObsol.png\" data-width=\"300\" data-height=\"226\" style=\"aspect-ratio: auto 1436 \/ 1080;\"><\/span><\/p>\n<h4 style=\"text-align: justify;\">2008<\/h4>\n<p style=\"text-align: justify;\">Jerseys for talented young footballers from the junior women&#039;s team of TB Johannis 1888 Nuremberg<\/p>\n<p><span style=\"\"><img decoding=\"async\" alt=\"\" data-id=\"1548\" width=\"300\" data-init-width=\"500\" height=\"199\" data-init-height=\"332\" title=\"2008 Jerseys\" loading=\"lazy\" src=\"\/\/isyst.burnermarketing.com\/wp-content\/uploads\/2024\/03\/2008-Trikots.jpg\" data-width=\"300\" data-height=\"199\" style=\"aspect-ratio: auto 500 \/ 332;\" mt-d=\"-2\" ml-d=\"0\" center-v-d=\"false\"><\/span><\/p>\n<h4 style=\"text-align: justify;\">2009<\/h4>\n<p style=\"text-align: justify;\">Bewilligung unserer Mitwirkung beim europaweiten Gro\u00dfprojekt &#8222;Improve&#8220;- Implementing Manufacturing Science Solutions to increase Equipment Productivity and Fab Performance<\/p>\n<p><span><img decoding=\"async\" alt=\"\" data-id=\"1658\" width=\"300\" data-init-width=\"1436\" height=\"226\" data-init-height=\"1080\" title=\"2009-Improve\" loading=\"lazy\" src=\"\/\/isyst.burnermarketing.com\/wp-content\/uploads\/2024\/04\/2009-Improve.jpg\" data-width=\"300\" data-height=\"226\" style=\"aspect-ratio: auto 1436 \/ 1080;\"><\/span><\/p>\n<h4 style=\"text-align: justify;\">2010<\/h4>\n<p style=\"text-align: justify;\">Im Rahmen der Stiftungsprofessur &#8222;Auto\u00admati\u00adsierungs\u00adtechnik\/Mecha\u00adtronik&#8220; am Fachbereich Elektro\u00adtechnik Feinwerk\u00adtechnik Informations\u00adtechnik (efi) der Georg-Simon-Ohm-Hochschule N\u00fcrnberg finanziert iSyst zusammen mit drei weiteren Firmen aus der Metropolregion einen Professor f\u00fcr die Dauer von f\u00fcnf Jahren. Mitstifter sind Baum\u00fcller N\u00fcrnberg GmbH, Standort N\u00fcrnberg der Division Automotive Systems der Continental AG, Siemens AG Healthcare Sector.<\/p>\n<p><span style=\"\"><a href=\"http:\/\/isyst.burnermarketing.com\/wp-content\/uploads\/2024\/02\/iSyst_ParaObsol.pdf\" target=\"_blank\" rel=\"noopener\"><img decoding=\"async\" alt=\"\" data-id=\"1659\" width=\"300\" data-init-width=\"2529\" height=\"200\" data-init-height=\"1687\" title=\"2010_Endowed Professorship-naja\" loading=\"lazy\" src=\"\/\/isyst.burnermarketing.com\/wp-content\/uploads\/2024\/04\/2010_Stiftungsprofessur-naja.jpg\" data-width=\"300\" data-height=\"200\" style=\"aspect-ratio: auto 2529 \/ 1687;\" mt-d=\"0\" ml-d=\"0\" center-v-d=\"false\" data-link-wrap=\"true\"><\/a><\/span><\/p>\n<h4 style=\"text-align: justify;\">2010<\/h4>\n<p style=\"text-align: justify;\">First certification according to DIN EN ISO 9001:2008<\/p>\n<p><span><img decoding=\"async\" alt=\"\" data-id=\"1738\" width=\"124\" data-init-width=\"1656\" height=\"174\" data-init-height=\"2339\" title=\"2010-Certificate ISO9001-2008 (2010-11-19)-1\" loading=\"lazy\" src=\"\/\/isyst.burnermarketing.com\/wp-content\/uploads\/2024\/04\/2010-Zertifikat-ISO9001-2008-2010-11-19-1.jpg\" data-width=\"124\" data-height=\"174\" style=\"aspect-ratio: auto 1656 \/ 2339;\"><\/span><\/p>\n<h4 style=\"text-align: justify;\">2010<\/h4>\n<p style=\"text-align: justify;\">Expansion of business activities towards test management (planning and controlling the entire test process)<\/p>\n<h4 style=\"text-align: justify;\">2011<\/h4>\n<p style=\"text-align: justify;\">Bewilligung des F\u00f6rderprojekts &#8222;ProTecT&#8220;- Progressive Techniques for Testing Embedded Systems<\/p>\n<h4 style=\"text-align: justify;\">2012<\/h4>\n<p style=\"text-align: justify;\">Support of the charity run \u201cRunning Konrad\u201d, Konrad-Gro\u00df-Schule Nuremberg in aid of the Hephata care center of the Nuremberg City Mission<\/p>\n<h4 style=\"text-align: justify;\">2013<\/h4>\n<p style=\"text-align: justify;\">Delivery of the 100th test system<\/p>\n<p><span><img decoding=\"async\" alt=\"\" data-id=\"1661\" width=\"152\" data-init-width=\"1725\" height=\"188\" data-init-height=\"2129\" title=\"2013-100th HIL system\" loading=\"lazy\" src=\"\/\/isyst.burnermarketing.com\/wp-content\/uploads\/2024\/04\/2013-100tes-HIL-System.jpg\" data-width=\"152\" data-height=\"188\" style=\"aspect-ratio: auto 1725 \/ 2129;\"><\/span><\/p>\n<h4 style=\"text-align: justify;\">2013<\/h4>\n<p style=\"text-align: justify;\">Start of development of fully integrated solutions for automotive sensor protocols, such as SPI, PSI5 and SENT<\/p>\n<p><span><img decoding=\"async\" alt=\"\" data-id=\"1662\" width=\"314\" data-init-width=\"2560\" height=\"209\" data-init-height=\"1707\" title=\"2013-SPI_PSI5_SENT\" loading=\"lazy\" src=\"\/\/isyst.burnermarketing.com\/wp-content\/uploads\/2024\/04\/2013-SPI_PSI5_SENT-scaled.jpg\" data-width=\"314\" data-height=\"209\" style=\"aspect-ratio: auto 2560 \/ 1707;\"><\/span><\/p>\n<h4 style=\"text-align: justify;\">2013<\/h4>\n<p style=\"text-align: justify;\">Bewilligung des F\u00f6rderprojekts &#8222;WiCoDiCaRT&#8220;- Wireless Controlling, Diagnostics and Calibration in Real Time<\/p>\n<h4 style=\"text-align: justify;\">2014<\/h4>\n<p style=\"text-align: justify;\">Presentation of the new corporate design as part of a major customer event at Ofenwerk N\u00fcrnberg<\/p>\n<p><span><img decoding=\"async\" alt=\"\" data-id=\"1664\" width=\"166\" data-init-width=\"1920\" height=\"222\" data-init-height=\"2560\" title=\"2014-New Corporate Design_2\" loading=\"lazy\" src=\"\/\/isyst.burnermarketing.com\/wp-content\/uploads\/2024\/04\/2014-Neues-Corporate-Design_2-scaled.jpg\" data-width=\"166\" data-height=\"222\" style=\"aspect-ratio: auto 1920 \/ 2560;\"><\/span><\/p>\n<h4 style=\"text-align: justify;\">2014<\/h4>\n<p style=\"text-align: justify;\">Spenden f\u00fcr DMSG LV Bayern e.V. (Roth), Sabaragamu Waisenhaus e.V. (Sri Lanka), Open Air Veranstaltung &#8222;Rock im BUNI&#8220; und das FabLab N\u00fcrnberg<\/p>\n<p><span><img decoding=\"async\" alt=\"\" data-id=\"1726\" width=\"314\" data-init-width=\"2560\" height=\"247\" data-init-height=\"2019\" title=\"2014 Collage\" loading=\"lazy\" src=\"\/\/isyst.burnermarketing.com\/wp-content\/uploads\/2024\/04\/2014-Collage-scaled.jpg\" data-width=\"314\" data-height=\"247\" style=\"aspect-ratio: auto 2560 \/ 2019;\"><\/span><\/p>\n<h4 style=\"text-align: justify;\">2015<\/h4>\n<p style=\"text-align: justify;\">Support of the BRH rescue dog squad Franken eV, BasisIndia eV and the Isabell Zachert Foundation<\/p>\n<p><span><img decoding=\"async\" alt=\"\" data-id=\"1757\" width=\"314\" data-init-width=\"2560\" height=\"247\" data-init-height=\"2018\" title=\"2015 Collage2\" loading=\"lazy\" src=\"\/\/isyst.burnermarketing.com\/wp-content\/uploads\/2024\/04\/2015-Collage2-scaled.jpg\" data-width=\"314\" data-height=\"247\" style=\"aspect-ratio: auto 2560 \/ 2018;\"><\/span><\/p>\n<h4 style=\"text-align: justify;\">2016<\/h4>\n<p style=\"text-align: justify;\">Donations for Strong Against Cancer eV, BUDO TAIJUTSU and Shree Om Baba Ji eV<\/p>\n<p><span><img decoding=\"async\" alt=\"\" data-id=\"1758\" width=\"314\" data-init-width=\"2560\" height=\"173\" data-init-height=\"1415\" title=\"2016 Collages 2\" loading=\"lazy\" src=\"\/\/isyst.burnermarketing.com\/wp-content\/uploads\/2024\/04\/2016-Collage-2-scaled.jpg\" data-width=\"314\" data-height=\"173\" style=\"aspect-ratio: auto 2560 \/ 1415;\"><\/span><\/p>\n<h4 style=\"text-align: justify;\">2017<\/h4>\n<p style=\"text-align: justify;\">Financial support from Schlupfwinkel e. V., Lacrima and Light for Life e. V.<\/p>\n<p><span><img decoding=\"async\" alt=\"\" data-id=\"1729\" width=\"314\" data-init-width=\"2652\" height=\"170\" data-init-height=\"1441\" title=\"2017 Collage\" loading=\"lazy\" src=\"\/\/isyst.burnermarketing.com\/wp-content\/uploads\/2024\/04\/2017-Collage.png\" data-width=\"314\" data-height=\"170\" style=\"aspect-ratio: auto 2652 \/ 1441;\"><\/span><\/p>\n<h4 style=\"text-align: justify;\">2018<\/h4>\n<p style=\"text-align: justify;\">Donations for Parents&#039; Initiative for Children with Cancer (Erlangen), Children&#039;s Aid Eckental and the Weilersbach Volunteer Fire Department<\/p>\n<p><span><img decoding=\"async\" alt=\"\" data-id=\"1730\" width=\"314\" data-init-width=\"2648\" height=\"170\" data-init-height=\"1437\" title=\"2018 Collage\" loading=\"lazy\" src=\"\/\/isyst.burnermarketing.com\/wp-content\/uploads\/2024\/04\/2018-Collage.png\" data-width=\"314\" data-height=\"170\" style=\"aspect-ratio: auto 2648 \/ 1437;\"><\/span><\/p>\n<h4 style=\"text-align: justify;\">2019<\/h4>\n<p style=\"text-align: justify;\">Moving to the Hugo in Hugo-Junkers-Stra\u00dfe in Nuremberg<\/p>\n<p><span><img decoding=\"async\" alt=\"\" data-id=\"1666\" width=\"314\" data-init-width=\"2560\" height=\"141\" data-init-height=\"1153\" title=\"2019_Hugo2\" loading=\"lazy\" src=\"\/\/isyst.burnermarketing.com\/wp-content\/uploads\/2024\/04\/2019_Hugo2-scaled.jpg\" data-width=\"314\" data-height=\"141\" style=\"aspect-ratio: auto 2560 \/ 1153;\"><\/span><\/p>\n<h4 style=\"text-align: justify;\">2019<\/h4>\n<p style=\"text-align: justify;\">Support from VG B\u00fcchenbach eV, Kindergl\u00fcck eV, Lebenshilfe Workshops for the Disabled (Schwabach-Roth) and German Multiple Sclerosis Society LV Bayern eV<\/p>\n<p><span><img decoding=\"async\" alt=\"\" data-id=\"1731\" width=\"314\" data-init-width=\"2650\" height=\"168\" data-init-height=\"1423\" title=\"2019 Collage\" loading=\"lazy\" src=\"\/\/isyst.burnermarketing.com\/wp-content\/uploads\/2024\/04\/2019-Collage.png\" data-width=\"314\" data-height=\"168\" style=\"aspect-ratio: auto 2650 \/ 1423;\"><\/span><\/p>\n<h4 style=\"text-align: justify;\">2019<\/h4>\n<p style=\"text-align: justify;\">Bewilligung des F\u00f6rderprojekts &#8222;Short&#8220;- Security-Centeres Hil-Platform Offering Riskaware Testing<\/p>\n<p><span style=\"\"><img decoding=\"async\" alt=\"\" data-id=\"1740\" width=\"314\" data-init-width=\"2250\" height=\"314\" data-init-height=\"2250\" title=\"Post SHORT Final-1\" loading=\"lazy\" src=\"\/\/isyst.burnermarketing.com\/wp-content\/uploads\/2024\/04\/Post-SHORT-Final-1.jpg\" data-width=\"314\" data-height=\"314\" style=\"aspect-ratio: auto 2250 \/ 2250;\" mt-d=\"-1.0160000000000196\" ml-d=\"0\"><\/span><\/p>\n<h4 style=\"text-align: justify;\">2020<\/h4>\n<p style=\"text-align: justify;\">20-j\u00e4hriges Jubil\u00e4um &#8211; <a href=\"https:\/\/www.youtube.com\/watch?v=Azl8B6nEm_c\" target=\"_blank\" style=\"outline: none;\" rel=\"noopener\"><span style=\"text-decoration: underline;\">the film about iSyst history<\/span><\/a><\/p>\n<p><span><img decoding=\"async\" alt=\"\" data-id=\"1669\" width=\"300\" data-init-width=\"1071\" height=\"301\" data-init-height=\"1075\" title=\"2020-20 Year Anniversary\" loading=\"lazy\" src=\"\/\/isyst.burnermarketing.com\/wp-content\/uploads\/2024\/04\/2020-20-Jaehriges-Jubilaeum.png\" data-width=\"300\" data-height=\"301\" style=\"aspect-ratio: auto 1071 \/ 1075;\"><\/span><\/p>\n<h4 style=\"text-align: justify;\">2020<\/h4>\n<p style=\"text-align: justify;\">Donations for the Essen University Medicine Foundation, the Foundation for Innovative Medicine, the Bavarian Red Cross, Children&#039;s Aid Afghanistan and TV 1877 Lauf eV Rugby<\/p>\n<p><span><img decoding=\"async\" alt=\"\" data-id=\"1732\" width=\"314\" data-init-width=\"2346\" height=\"342\" data-init-height=\"2560\" title=\"2020 Collage\" loading=\"lazy\" src=\"\/\/isyst.burnermarketing.com\/wp-content\/uploads\/2024\/04\/2020-Collage-scaled.jpg\" data-width=\"314\" data-height=\"342\" style=\"aspect-ratio: auto 2346 \/ 2560;\"><\/span><\/p>\n<h4 style=\"text-align: justify;\">2021<\/h4>\n<p style=\"text-align: justify;\">Start of work for the <a href=\"https:\/\/viewer.rooom.com\/space\/c5d4ff90efe2a5033b745c612b20b1\" target=\"_blank\" style=\"outline: none;\" rel=\"noopener\">iSyst&#039;s own virtual exhibition stand<\/a><\/p>\n<p><span><img decoding=\"async\" alt=\"\" data-id=\"1676\" width=\"314\" data-init-width=\"2560\" height=\"176\" data-init-height=\"1440\" title=\"iSystVR\" loading=\"lazy\" src=\"\/\/isyst.burnermarketing.com\/wp-content\/uploads\/2024\/04\/iSyst-VR-scaled.jpg\" data-width=\"314\" data-height=\"176\" style=\"aspect-ratio: auto 2560 \/ 1440;\"><\/span><\/p>\n<h4 style=\"text-align: justify;\">2021<\/h4>\n<p style=\"text-align: justify;\">Support from Freundeskreis Roter Schwan Belmbrach eV, TuSpo Noris Baskets aK, Klabautermann eV and Bollerwagen-Crew Lauf N\u00fcrnberg<\/p>\n<p><span><img decoding=\"async\" alt=\"\" data-id=\"1733\" width=\"314\" data-init-width=\"2560\" height=\"196\" data-init-height=\"1599\" title=\"2021 Collage\" loading=\"lazy\" src=\"\/\/isyst.burnermarketing.com\/wp-content\/uploads\/2024\/04\/2021-Collage-scaled.jpg\" data-width=\"314\" data-height=\"196\" style=\"aspect-ratio: auto 2560 \/ 1599;\"><\/span><\/p>\n<h4 style=\"text-align: justify;\">2022<\/h4>\n<p style=\"text-align: justify;\">Launch of the Academy for Applied Knowledge: imparting practically applicable knowledge in needs-based training formats such as training, workshops and coaching<\/p>\n<p><span><img decoding=\"async\" alt=\"\" data-id=\"1672\" width=\"300\" data-init-width=\"400\" height=\"80\" data-init-height=\"107\" title=\"619431912-619431948_176\" loading=\"lazy\" src=\"\/\/isyst.burnermarketing.com\/wp-content\/uploads\/2024\/04\/619431912-619431948_176.png\" data-width=\"300\" data-height=\"80\" style=\"aspect-ratio: auto 400 \/ 107;\"><\/span><\/p>\n<h4 style=\"text-align: justify;\">2022<\/h4>\n<p style=\"text-align: justify;\">Donation to the association Sternstunden eV<\/p>\n<p><span><img decoding=\"async\" alt=\"\" data-id=\"1734\" width=\"314\" data-init-width=\"2649\" height=\"120\" data-init-height=\"1015\" title=\"2022 Collage\" loading=\"lazy\" src=\"\/\/isyst.burnermarketing.com\/wp-content\/uploads\/2024\/04\/2022-Collage.png\" data-width=\"314\" data-height=\"120\" style=\"aspect-ratio: auto 2649 \/ 1015;\"><\/span><\/p>\n<h4 style=\"text-align: justify;\">2023<\/h4>\n<p style=\"text-align: justify;\">With iDA Testware, iSyst is bringing an active middleware onto the market that far exceeds the scope of a classic solution.<\/p>\n<p><span><img decoding=\"async\" alt=\"\" data-id=\"1671\" width=\"314\" data-init-width=\"2560\" height=\"167\" data-init-height=\"1363\" title=\"2023iDA Final Image\" loading=\"lazy\" src=\"\/\/isyst.burnermarketing.com\/wp-content\/uploads\/2024\/04\/2023iDA-Final-Bild-scaled.jpg\" data-width=\"314\" data-height=\"167\" style=\"aspect-ratio: auto 2560 \/ 1363;\"><\/span><\/p>\n<h4 style=\"text-align: justify;\">2023<\/h4>\n<p style=\"text-align: justify;\">Support from Rengschburger Herzen eV, Kinderhilfe Eckental and Jenaplan-Schulverein N\u00fcrnberg eV<\/p>\n<p><span><img decoding=\"async\" alt=\"\" data-id=\"1759\" width=\"314\" data-init-width=\"2560\" height=\"170\" data-init-height=\"1389\" title=\"2023 Collages 2\" loading=\"lazy\" src=\"\/\/isyst.burnermarketing.com\/wp-content\/uploads\/2024\/04\/2023-Collage-2-1-scaled.jpg\" data-width=\"314\" data-height=\"170\" style=\"aspect-ratio: auto 2560 \/ 1389;\"><\/span><\/p>","protected":false},"excerpt":{"rendered":"<p>Meilensteine TESTHAUS AUS \u00dcBERZEUGUNG 2000 Gr\u00fcndung am 08.12.2000: Ausgr\u00fcndung aus dem durch Prof. Dr. Hans Rauch geleiteten Institut f\u00fcr Elektronische Systeme der damaligen Georg-Simon-Ohm Fachhochschule N\u00fcrnberg, kurz ELSYS, im Rahmen des Verbundforschungsprojekts &#8222;Bayerisches Kompetenznetzwerk f\u00fcr Mechatronik BKM&#8220;. 2001 Start der Entwicklungsarbeiten f\u00fcr das Test-Framework iTestStudio 2002 Einstieg in die Testautomatisierung 2003 Auslieferung des ersten iSyst-eigenen [&hellip;]<\/p>\n","protected":false},"author":1,"featured_media":0,"parent":0,"menu_order":0,"comment_status":"closed","ping_status":"closed","template":"","meta":{"footnotes":""},"class_list":["post-860","page","type-page","status-publish","hentry","post-wrapper","thrv_wrapper"],"_links":{"self":[{"href":"https:\/\/isyst.burnermarketing.com\/en\/wp-json\/wp\/v2\/pages\/860"}],"collection":[{"href":"https:\/\/isyst.burnermarketing.com\/en\/wp-json\/wp\/v2\/pages"}],"about":[{"href":"https:\/\/isyst.burnermarketing.com\/en\/wp-json\/wp\/v2\/types\/page"}],"author":[{"embeddable":true,"href":"https:\/\/isyst.burnermarketing.com\/en\/wp-json\/wp\/v2\/users\/1"}],"replies":[{"embeddable":true,"href":"https:\/\/isyst.burnermarketing.com\/en\/wp-json\/wp\/v2\/comments?post=860"}],"version-history":[{"count":38,"href":"https:\/\/isyst.burnermarketing.com\/en\/wp-json\/wp\/v2\/pages\/860\/revisions"}],"predecessor-version":[{"id":1760,"href":"https:\/\/isyst.burnermarketing.com\/en\/wp-json\/wp\/v2\/pages\/860\/revisions\/1760"}],"wp:attachment":[{"href":"https:\/\/isyst.burnermarketing.com\/en\/wp-json\/wp\/v2\/media?parent=860"}],"curies":[{"name":"wp","href":"https:\/\/api.w.org\/{rel}","templated":true}]}}